{"id":1910,"date":"2018-09-20T15:43:51","date_gmt":"2018-09-20T15:43:51","guid":{"rendered":"https:\/\/brunn.qodeinteractive.com\/?page_id=1910"},"modified":"2023-10-20T17:49:14","modified_gmt":"2023-10-20T17:49:14","slug":"servicios","status":"publish","type":"page","link":"https:\/\/dev.metamerca.mx\/index.php\/servicios\/","title":{"rendered":"Servicios"},"content":{"rendered":"<section class=\"wpb-content-wrapper\"><p>[vc_row][vc_column][vc_empty_space][vc_column_text]<\/p>\n<h4 style=\"text-align: center;\"><span style=\"color: #000000;\"><strong>SERVICIOS OFFLINE \/ SERVICIOS ONLINE<\/strong><\/span><\/h4>\n<p>[\/vc_column_text][\/vc_column][\/vc_row][vc_row row_content_width=&#8221;grid&#8221;][vc_column css=&#8221;.vc_custom_1537266385801{background-color: #fafafa !important;}&#8221; offset=&#8221;vc_col-lg-6 vc_col-md-12&#8243;][vc_single_image image=&#8221;5837&#8243; img_size=&#8221;large&#8221;][\/vc_column][vc_column offset=&#8221;vc_col-lg-6 vc_col-md-12&#8243;]<div class=\"qodef-elements-holder   qodef-one-column  qodef-responsive-mode-768 \" ><div class=\"qodef-eh-item    \"  data-item-class=\"qodef-eh-custom-2773\" data-1025-1366=\"63px 41px 109px 36px\" data-769-1024=\"75px 215px 122px 86px\" data-680=\"75px 11px 122px 33px\">\n\t<div class=\"qodef-eh-item-inner\">\n\t\t<div class=\"qodef-eh-item-content qodef-eh-custom-2773\" style=\"padding: 75px 83px 122px 86px\">\n\t\t\t[vc_column_text]I am text block. Click edit button to change this text. Lorem ipsum dolor sit amet, consectetur adipiscing elit. Ut elit tellus, luctus nec ullamcorper mattis, pulvinar dapibus leo.[\/vc_column_text]<a itemprop=\"url\" href=\"#\" target=\"_self\" style=\"color: #000000\" class=\"qodef-btn qodef-btn-medium qodef-btn-outline qodef-btn-icon\"  >\n    <span class=\"qodef-btn-text\">READ MORE<\/span>\n    <span aria-hidden=\"true\" class=\"qodef-icon-font-elegant arrow_right \" ><\/span><\/a>\t\t<\/div>\n\t<\/div>\n<\/div><\/div>[\/vc_column][\/vc_row][vc_row row_content_width=&#8221;grid&#8221;][vc_column offset=&#8221;vc_col-lg-3 vc_col-md-12&#8243;]<div class=\"qodef-elements-holder   qodef-one-column  qodef-responsive-mode-768 \" ><div class=\"qodef-eh-item    \"  data-item-class=\"qodef-eh-custom-1966\" data-1025-1366=\"0px 0%\" data-769-1024=\"0px 26%\" data-681-768=\"0px 20%\">\n\t<div class=\"qodef-eh-item-inner\">\n\t\t<div class=\"qodef-eh-item-content qodef-eh-custom-1966\" style=\"padding: 0px 8%\">\n\t\t\t<div class=\"qodef-iwt clearfix  qodef-iwt-icon-top qodef-iwt-icon-medium\">\n\t<div class=\"qodef-iwt-icon\">\n\t\t\t\t\t\t\t\t\t<img loading=\"lazy\" decoding=\"async\" width=\"268\" height=\"238\" src=\"https:\/\/dev.metamerca.mx\/wp-content\/uploads\/2023\/10\/SERVICIOS_ICONO_CREATIVIDAD.png\" class=\"attachment-full size-full\" alt=\"\" \/>\t\t\t\t\t\t<\/div>\n\t<div class=\"qodef-iwt-content\" >\n\t\t                    <span class=\"qodef-iwt-background-text\" style=\"color: #f6f6f6;font-size: 130px;margin-top: -30px\">01<\/span>\n        \t\t\t<\/div>\n<\/div>[vc_empty_space height=&#8221;30px&#8221;]\t\t<\/div>\n\t<\/div>\n<\/div><\/div>[\/vc_column][vc_column offset=&#8221;vc_col-lg-3 vc_col-md-12&#8243;]<div class=\"qodef-elements-holder   qodef-one-column  qodef-responsive-mode-768 \" ><div class=\"qodef-eh-item    \"  data-item-class=\"qodef-eh-custom-1019\" data-1025-1366=\"0px 0%\" data-769-1024=\"0px 26%\" data-681-768=\"0px 20%\">\n\t<div class=\"qodef-eh-item-inner\">\n\t\t<div class=\"qodef-eh-item-content qodef-eh-custom-1019\" style=\"padding: 0px 8%\">\n\t\t\t<div class=\"qodef-iwt clearfix  qodef-iwt-icon-top qodef-iwt-icon-medium\">\n\t<div class=\"qodef-iwt-icon\">\n\t\t\t\t\t\t\t\t\t<img loading=\"lazy\" decoding=\"async\" width=\"203\" height=\"238\" src=\"https:\/\/dev.metamerca.mx\/wp-content\/uploads\/2023\/10\/SERVICIOS_ICONO_DISENO.png\" class=\"attachment-full size-full\" alt=\"\" \/>\t\t\t\t\t\t<\/div>\n\t<div class=\"qodef-iwt-content\" >\n\t\t                    <span class=\"qodef-iwt-background-text\" style=\"color: #f6f6f6;font-size: 130px;margin-top: -30px\">02<\/span>\n        \t\t\t<\/div>\n<\/div>[vc_empty_space height=&#8221;30px&#8221;]\t\t<\/div>\n\t<\/div>\n<\/div><\/div>[\/vc_column][vc_column offset=&#8221;vc_col-lg-3 vc_col-md-12&#8243;]<div class=\"qodef-elements-holder   qodef-one-column  qodef-responsive-mode-768 \" ><div class=\"qodef-eh-item    \"  data-item-class=\"qodef-eh-custom-2929\" data-1025-1366=\"0px 0%\" data-769-1024=\"0px 26%\" data-681-768=\"0px 20%\">\n\t<div class=\"qodef-eh-item-inner\">\n\t\t<div class=\"qodef-eh-item-content qodef-eh-custom-2929\" style=\"padding: 0px 8%\">\n\t\t\t<div class=\"qodef-iwt clearfix  qodef-iwt-icon-top qodef-iwt-icon-medium\">\n\t<div class=\"qodef-iwt-icon\">\n\t\t\t\t\t\t\t\t\t<img loading=\"lazy\" decoding=\"async\" width=\"259\" height=\"238\" src=\"https:\/\/dev.metamerca.mx\/wp-content\/uploads\/2023\/10\/SERVICIOS_ICONO_PROD.png\" class=\"attachment-full size-full\" alt=\"\" \/>\t\t\t\t\t\t<\/div>\n\t<div class=\"qodef-iwt-content\" >\n\t\t                    <span class=\"qodef-iwt-background-text\" style=\"color: #f6f6f6;font-size: 130px;margin-top: -30px\">03<\/span>\n        \t\t\t<\/div>\n<\/div>[vc_empty_space height=&#8221;30px&#8221;]\t\t<\/div>\n\t<\/div>\n<\/div><\/div>[\/vc_column][vc_column offset=&#8221;vc_col-lg-3 vc_col-md-12&#8243;]<div class=\"qodef-elements-holder   qodef-one-column  qodef-responsive-mode-768 \" ><div class=\"qodef-eh-item    \"  data-item-class=\"qodef-eh-custom-4696\" data-1025-1366=\"0px 0%\" data-769-1024=\"0px 26%\" data-681-768=\"0px 20%\">\n\t<div class=\"qodef-eh-item-inner\">\n\t\t<div class=\"qodef-eh-item-content qodef-eh-custom-4696\" style=\"padding: 0px 8%\">\n\t\t\t<div class=\"qodef-iwt clearfix  qodef-iwt-icon-top qodef-iwt-icon-medium\">\n\t<div class=\"qodef-iwt-icon\">\n\t\t\t\t\t\t\t\t\t<img loading=\"lazy\" decoding=\"async\" width=\"172\" height=\"238\" src=\"https:\/\/dev.metamerca.mx\/wp-content\/uploads\/2023\/10\/SERVICIOS_ATL.png\" class=\"attachment-full size-full\" alt=\"\" \/>\t\t\t\t\t\t<\/div>\n\t<div class=\"qodef-iwt-content\" >\n\t\t                    <span class=\"qodef-iwt-background-text\" style=\"color: #f6f6f6;font-size: 130px;margin-top: -30px\">04<\/span>\n        \t\t\t<\/div>\n<\/div>[vc_empty_space height=&#8221;30px&#8221;]\t\t<\/div>\n\t<\/div>\n<\/div><\/div>[\/vc_column][\/vc_row][vc_row disable_background_image=&#8221;&#8221; simple_background_image=&#8221;3568&#8243; background_image_position=&#8221;center bottom&#8221;][vc_column][vc_row_inner row_content_width=&#8221;grid&#8221; css=&#8221;.vc_custom_1538483417224{padding-bottom: 140px !important;}&#8221;][vc_column_inner]<div class=\"qodef-elements-holder   qodef-two-columns  qodef-responsive-mode-1024 \" ><div class=\"qodef-eh-item    \"  data-item-class=\"qodef-eh-custom-6886\">\n\t<div class=\"qodef-eh-item-inner\">\n\t\t<div class=\"qodef-eh-item-content qodef-eh-custom-6886\" style=\"padding: 45px 0px 0px 0px\">\n\t\t\t[vc_single_image image=&#8221;5853&#8243; img_size=&#8221;full&#8221;]\t\t<\/div>\n\t<\/div>\n<\/div><div class=\"qodef-eh-item    \" style=\"background-color: #eeeced\" data-item-class=\"qodef-eh-custom-8758\" data-1025-1366=\"0px 0px 0px 100px\" data-769-1024=\"44px 302px 0px 0px\" data-681-768=\"45px 127px 0px 0px\" data-680=\"44px 0px 0px 0px\">\n\t<div class=\"qodef-eh-item-inner\">\n\t\t<div class=\"qodef-eh-item-content qodef-eh-custom-8758\" style=\"padding: 0px 95px 0px 100px\">\n\t\t\t[vc_single_image image=&#8221;5855&#8243; img_size=&#8221;full&#8221;][vc_column_text]Definimos el storytelling de tu marca, tu voz y tono de comunicaci\u00f3n, asegurando que dejes <strong>una impresi\u00f3n inolvidable<\/strong> en la mente de tus clientes.[\/vc_column_text]\t\t<\/div>\n\t<\/div>\n<\/div><\/div>[\/vc_column_inner][\/vc_row_inner][\/vc_column][\/vc_row][vc_row row_content_width=&#8221;grid&#8221;][vc_column css=&#8221;.vc_custom_1537266385801{background-color: #fafafa !important;}&#8221; offset=&#8221;vc_col-lg-6 vc_col-md-12&#8243;]<div class=\"qodef-elements-holder   qodef-one-column  qodef-responsive-mode-768 \" ><div class=\"qodef-eh-item    \"  data-item-class=\"qodef-eh-custom-6696\" data-1025-1366=\"63px 41px 109px 36px\" data-769-1024=\"75px 215px 122px 86px\" data-680=\"75px 11px 122px 33px\">\n\t<div class=\"qodef-eh-item-inner\">\n\t\t<div class=\"qodef-eh-item-content qodef-eh-custom-6696\" style=\"padding: 75px 83px 122px 86px\">\n\t\t\t[vc_single_image image=&#8221;5862&#8243; img_size=&#8221;full&#8221;][vc_column_text]<\/p>\n<p style=\"text-align: left;\">Trabajamos en la <strong>identidad visual<\/strong> de tu marca y todas sus aplicaciones<\/p>\n<p>[\/vc_column_text]<a itemprop=\"url\" href=\"#\" target=\"_self\" style=\"color: #000000\" class=\"qodef-btn qodef-btn-medium qodef-btn-outline qodef-btn-icon\"  >\n    <span class=\"qodef-btn-text\">READ MORE<\/span>\n    <span aria-hidden=\"true\" class=\"qodef-icon-font-elegant arrow_right \" ><\/span><\/a>\t\t<\/div>\n\t<\/div>\n<\/div><\/div>[\/vc_column][vc_column offset=&#8221;vc_col-lg-6 vc_col-md-12&#8243;][vc_single_image image=&#8221;5861&#8243; img_size=&#8221;large&#8221;][\/vc_column][\/vc_row][vc_row][vc_column][vc_single_image image=&#8221;5870&#8243; img_size=&#8221;full&#8221;][vc_row_inner][vc_column_inner width=&#8221;1\/4&#8243;][\/vc_column_inner][vc_column_inner width=&#8221;1\/4&#8243;][\/vc_column_inner][vc_column_inner width=&#8221;1\/4&#8243;][vc_empty_space][vc_single_image image=&#8221;5872&#8243; img_size=&#8221;FULL&#8221; alignment=&#8221;right&#8221;][\/vc_column_inner][vc_column_inner width=&#8221;1\/4&#8243;][vc_empty_space][vc_column_text]<span style=\"color: #000000;\"><strong>VER PORTAFOLIO AUDIOVISUAL<\/strong><\/span>[\/vc_column_text][\/vc_column_inner][\/vc_row_inner][\/vc_column][\/vc_row][vc_row][vc_column][vc_single_image image=&#8221;5879&#8243; img_size=&#8221;full&#8221;][\/vc_column][\/vc_row][vc_row row_content_width=&#8221;grid&#8221;][vc_column css=&#8221;.vc_custom_1537266385801{background-color: #fafafa !important;}&#8221; offset=&#8221;vc_col-lg-6 vc_col-md-12&#8243;][vc_single_image image=&#8221;5881&#8243; img_size=&#8221;large&#8221;][\/vc_column][vc_column offset=&#8221;vc_col-lg-6 vc_col-md-12&#8243;]<div class=\"qodef-elements-holder   qodef-one-column  qodef-responsive-mode-768 \" ><div class=\"qodef-eh-item    \"  data-item-class=\"qodef-eh-custom-5008\" data-1025-1366=\"63px 41px 109px 36px\" data-769-1024=\"75px 215px 122px 86px\" data-680=\"75px 11px 122px 33px\">\n\t<div class=\"qodef-eh-item-inner\">\n\t\t<div class=\"qodef-eh-item-content qodef-eh-custom-5008\" style=\"padding: 75px 83px 122px 86px\">\n\t\t\t[vc_column_text]I am text block. Click edit button to change this text. Lorem ipsum dolor sit amet, consectetur adipiscing elit. Ut elit tellus, luctus nec ullamcorper mattis, pulvinar dapibus leo.[\/vc_column_text]<a itemprop=\"url\" href=\"#\" target=\"_self\" style=\"color: #000000\" class=\"qodef-btn qodef-btn-medium qodef-btn-outline qodef-btn-icon\"  >\n    <span class=\"qodef-btn-text\">READ MORE<\/span>\n    <span aria-hidden=\"true\" class=\"qodef-icon-font-elegant arrow_right \" ><\/span><\/a>\t\t<\/div>\n\t<\/div>\n<\/div><\/div>[\/vc_column][\/vc_row][vc_row row_content_width=&#8221;grid&#8221;][vc_column width=&#8221;1\/5&#8243;][vc_single_image image=&#8221;5883&#8243; img_size=&#8221;full&#8221;][\/vc_column][vc_column width=&#8221;1\/5&#8243;][vc_single_image image=&#8221;5884&#8243; img_size=&#8221;full&#8221;][\/vc_column][vc_column width=&#8221;1\/5&#8243;][vc_single_image image=&#8221;5885&#8243; img_size=&#8221;full&#8221;][\/vc_column][vc_column width=&#8221;1\/5&#8243;][vc_single_image image=&#8221;5886&#8243; img_size=&#8221;full&#8221;][\/vc_column][vc_column width=&#8221;1\/5&#8243;][vc_single_image image=&#8221;5887&#8243; img_size=&#8221;full&#8221;][\/vc_column][\/vc_row][vc_row][vc_column][vc_single_image image=&#8221;5890&#8243; img_size=&#8221;full&#8221;][\/vc_column][\/vc_row][vc_row row_content_width=&#8221;grid&#8221;][vc_column css=&#8221;.vc_custom_1537266385801{background-color: #fafafa !important;}&#8221; offset=&#8221;vc_col-lg-6 vc_col-md-12&#8243;][vc_single_image image=&#8221;5892&#8243; img_size=&#8221;full&#8221;][\/vc_column][vc_column offset=&#8221;vc_col-lg-6 vc_col-md-12&#8243;]<div class=\"qodef-elements-holder   qodef-one-column  qodef-responsive-mode-768 \" ><div class=\"qodef-eh-item    \"  data-item-class=\"qodef-eh-custom-8718\" data-1025-1366=\"63px 41px 109px 36px\" data-769-1024=\"75px 215px 122px 86px\" data-680=\"75px 11px 122px 33px\">\n\t<div class=\"qodef-eh-item-inner\">\n\t\t<div class=\"qodef-eh-item-content qodef-eh-custom-8718\" style=\"padding: 75px 83px 122px 86px\">\n\t\t\t[vc_single_image image=&#8221;5893&#8243; img_size=&#8221;full&#8221;][vc_column_text]<\/p>\n<p style=\"text-align: left;\">Mejoramos la experiencia del usuario y a trav\u00e9s de <strong>sitios web<\/strong> y <strong>aplicaciones m\u00f3viles<\/strong> con dise\u00f1os intuitivos, navegaci\u00f3n sencilla y un \u00f3ptimo rendimiento <strong>SEO.<\/strong><\/p>\n<p>[\/vc_column_text]<a itemprop=\"url\" href=\"#\" target=\"_self\" style=\"color: #000000\" class=\"qodef-btn qodef-btn-medium qodef-btn-outline qodef-btn-icon\"  >\n    <span class=\"qodef-btn-text\">READ MORE<\/span>\n    <span aria-hidden=\"true\" class=\"qodef-icon-font-elegant arrow_right \" ><\/span><\/a>\t\t<\/div>\n\t<\/div>\n<\/div><\/div>[\/vc_column][\/vc_row][vc_row][vc_column][vc_single_image image=&#8221;5895&#8243; img_size=&#8221;full&#8221;][\/vc_column][\/vc_row][vc_row row_content_width=&#8221;grid&#8221;][vc_column css=&#8221;.vc_custom_1537266385801{background-color: #fafafa !important;}&#8221; offset=&#8221;vc_col-lg-6 vc_col-md-12&#8243;][vc_single_image image=&#8221;5897&#8243; img_size=&#8221;full&#8221;][\/vc_column][vc_column offset=&#8221;vc_col-lg-6 vc_col-md-12&#8243;]<div class=\"qodef-elements-holder   qodef-one-column  qodef-responsive-mode-768 \" ><div class=\"qodef-eh-item    \"  data-item-class=\"qodef-eh-custom-3258\" data-1025-1366=\"63px 41px 109px 36px\" data-769-1024=\"75px 215px 122px 86px\" data-680=\"75px 11px 122px 33px\">\n\t<div class=\"qodef-eh-item-inner\">\n\t\t<div class=\"qodef-eh-item-content qodef-eh-custom-3258\" style=\"padding: 75px 83px 122px 86px\">\n\t\t\t[vc_single_image image=&#8221;5893&#8243; img_size=&#8221;full&#8221;][vc_column_text]Creamos <strong>filtros creativos<\/strong> en nuestro laboratorio virtual que conectan con tu audiencia, <strong>aumentando el reconocimiento de tu marca.<\/strong>[\/vc_column_text]<a itemprop=\"url\" href=\"#\" target=\"_self\" style=\"color: #000000\" class=\"qodef-btn qodef-btn-medium qodef-btn-outline qodef-btn-icon\"  >\n    <span class=\"qodef-btn-text\">READ MORE<\/span>\n    <span aria-hidden=\"true\" class=\"qodef-icon-font-elegant arrow_right \" ><\/span><\/a>\t\t<\/div>\n\t<\/div>\n<\/div><\/div>[\/vc_column][\/vc_row][vc_row][vc_column][vc_single_image image=&#8221;5900&#8243; img_size=&#8221;full&#8221;][\/vc_column][\/vc_row]<\/p>\n<\/section>","protected":false},"excerpt":{"rendered":"<p>[vc_row][vc_column][vc_empty_space][vc_column_text] SERVICIOS OFFLINE \/ SERVICIOS ONLINE [\/vc_column_text][\/vc_column][\/vc_row][vc_row row_content_width=&#8221;grid&#8221;][vc_column css=&#8221;.vc_custom_1537266385801{background-color: #fafafa !important;}&#8221; offset=&#8221;vc_col-lg-6 vc_col-md-12&#8243;][vc_single_image image=&#8221;5837&#8243; img_size=&#8221;large&#8221;][\/vc_column][vc_column offset=&#8221;vc_col-lg-6 vc_col-md-12&#8243;][\/vc_column][\/vc_row][vc_row row_content_width=&#8221;grid&#8221;][vc_column offset=&#8221;vc_col-lg-3 vc_col-md-12&#8243;][\/vc_column][vc_column [&hellip;]<\/p>\n","protected":false},"author":1,"featured_media":0,"parent":0,"menu_order":0,"comment_status":"closed","ping_status":"closed","template":"full-width.php","meta":{"footnotes":""},"class_list":["post-1910","page","type-page","status-publish","hentry"],"_links":{"self":[{"href":"https:\/\/dev.metamerca.mx\/index.php\/wp-json\/wp\/v2\/pages\/1910","targetHints":{"allow":["GET"]}}],"collection":[{"href":"https:\/\/dev.metamerca.mx\/index.php\/wp-json\/wp\/v2\/pages"}],"about":[{"href":"https:\/\/dev.metamerca.mx\/index.php\/wp-json\/wp\/v2\/types\/page"}],"author":[{"embeddable":true,"href":"https:\/\/dev.metamerca.mx\/index.php\/wp-json\/wp\/v2\/users\/1"}],"replies":[{"embeddable":true,"href":"https:\/\/dev.metamerca.mx\/index.php\/wp-json\/wp\/v2\/comments?post=1910"}],"version-history":[{"count":42,"href":"https:\/\/dev.metamerca.mx\/index.php\/wp-json\/wp\/v2\/pages\/1910\/revisions"}],"predecessor-version":[{"id":5901,"href":"https:\/\/dev.metamerca.mx\/index.php\/wp-json\/wp\/v2\/pages\/1910\/revisions\/5901"}],"wp:attachment":[{"href":"https:\/\/dev.metamerca.mx\/index.php\/wp-json\/wp\/v2\/media?parent=1910"}],"curies":[{"name":"wp","href":"https:\/\/api.w.org\/{rel}","templated":true}]}}